{"id":3551,"date":"2025-01-29T14:19:44","date_gmt":"2025-01-29T13:19:44","guid":{"rendered":"https:\/\/imagis-fiction.de\/kontakt\/"},"modified":"2025-02-12T10:20:59","modified_gmt":"2025-02-12T09:20:59","slug":"contact","status":"publish","type":"page","link":"https:\/\/imagis-fiction.de\/en\/contact\/","title":{"rendered":"Contact"},"content":{"rendered":"<div id='av_section_1'  class='avia-section av-ay61p-efc39538126ff84d59bddba01b2eea89 main_color avia-section-default avia-no-border-styling  avia-builder-el-0  avia-builder-el-no-sibling  avia-bg-style-scroll container_wrap fullsize'  ><div class='container av-section-cont-open' ><main  role=\"main\" itemprop=\"mainContentOfPage\"  class='template-page content  av-content-full alpha units'><div class='post-entry post-entry-type-page post-entry-3551'><div class='entry-content-wrapper clearfix'>\n<div  class='flex_column av-h2dil-a40352c835896ebce0e441911180c749 av_two_fifth  avia-builder-el-1  el_before_av_three_fifth  avia-builder-el-first  first flex_column_div  '     ><\/div><div  class='flex_column av-43lx-9121e2cab7d82162a51e25788a374efe av_three_fifth  avia-builder-el-2  el_after_av_two_fifth  avia-builder-el-last  flex_column_div  '     ><p>\n<style type=\"text\/css\" data-created_by=\"avia_inline_auto\" id=\"style-css-av-m6xulxde-3f4254982f4222c8f79e344697bcada3\">\n#top .av-special-heading.av-m6xulxde-3f4254982f4222c8f79e344697bcada3{\npadding-bottom:10px;\n}\nbody .av-special-heading.av-m6xulxde-3f4254982f4222c8f79e344697bcada3 .av-special-heading-tag .heading-char{\nfont-size:25px;\n}\n.av-special-heading.av-m6xulxde-3f4254982f4222c8f79e344697bcada3 .av-subheading{\nfont-size:15px;\n}\n<\/style>\n<div  class='av-special-heading av-m6xulxde-3f4254982f4222c8f79e344697bcada3 av-special-heading-h2  avia-builder-el-3  el_before_av_textblock  avia-builder-el-first '><h2 class='av-special-heading-tag '  itemprop=\"headline\"  >Contact<\/h2><div class=\"special-heading-border\"><div class=\"special-heading-inner-border\"><\/div><\/div><\/div><br \/>\n<section  class='av_textblock_section av-m6xum9rw-6f49eedc81b3342169974bd38c7afd99 '   itemscope=\"itemscope\" itemtype=\"https:\/\/schema.org\/CreativeWork\" ><div class='avia_textblock'  itemprop=\"text\" ><p style=\"font-weight: 400;\">imagis Filmproduktion GmbH &amp; Co. KG<br \/>\nAllee 82<br \/>\n72072 Heilbronn<br \/>\n+49 7131 203 05 54<\/p>\n<\/div><\/section><br \/>\n<form action=\"https:\/\/imagis-fiction.de\/en\/contact\/\" method=\"post\" data-fields-with-error=\"Found errors in the following field(s):\" class=\"avia_ajax_form av-form-labels-visible   avia-builder-el-5  el_after_av_textblock  el_before_av_textblock   \" data-avia-form-id=\"1\" data-avia-redirect=''  aria-label='Kontaktformular' ><h3 class=''>Send us an email<\/h3><fieldset><p class='  first_form  form_element form_fullwidth' id='element_avia_1_1'><label for=\"avia_1_1\">Name <abbr class=\"required\" title=\"required\">*<\/abbr><\/label> <input name=\"avia_1_1\" class=\"text_input is_empty\" type=\"text\" id=\"avia_1_1\" value=\"\" \/><\/p><p class='  first_form  form_element form_fullwidth' id='element_avia_2_1'><label for=\"avia_2_1\">E-Mail <abbr class=\"required\" title=\"required\">*<\/abbr><\/label> <input name=\"avia_2_1\" class=\"text_input is_email\" type=\"text\" id=\"avia_2_1\" value=\"\" \/><\/p><p class='  first_form  form_element form_fullwidth' id='element_avia_3_1'><label for=\"avia_3_1\">Subject <abbr class=\"required\" title=\"required\">*<\/abbr><\/label> <input name=\"avia_3_1\" class=\"text_input is_empty\" type=\"text\" id=\"avia_3_1\" value=\"\" \/><\/p><p class='  first_form  form_element form_fullwidth' id='element_avia_4_1'><label for=\"avia_4_1\" class=\"textare_label hidden textare_label_avia_4_1\">Message <abbr class=\"required\" title=\"required\">*<\/abbr><\/label><textarea  name=\"avia_4_1\" class=\"text_area is_empty\" cols=\"40\" rows=\"7\" id=\"avia_4_1\" ><\/textarea><\/p><p class=\"hidden\"><input type=\"text\" name=\"avia_5_1\" class=\"hidden \" id=\"avia_5_1\" value=\"\" \/><\/p><p class=' av_form_privacy_check av_contact_privacy_check first_form  form_element form_fullwidth' id='element_avia_6_1'><input  name=\"avia_6_1\" class=\"input_checkbox is_empty\" type=\"checkbox\" id=\"avia_6_1\" value=\"true\"\/><label class=\"input_checkbox_label\" for=\"avia_6_1\">Wir werden Ihre Informationen mit Sorgfalt und Respekt behandeln. Weitere Informationen zu unseren Datenschutzpraktiken finden Sie auf unserer Datenschutz-Seite.\n\nIndem Sie das Kontaktformular nutzen oder uns eine E-Mail senden, erkl\u00e4ren Sie sich damit einverstanden, dass wir Ihre Informationen in \u00dcbereinstimmung mit diesen Bedingungen verarbeiten d\u00fcrfen. <abbr class=\"required\" title=\"required\">*<\/abbr><\/label><\/p><p class=\"form_element \"><input type=\"hidden\" value=\"1\" name=\"avia_generated_form1\" \/><input type=\"submit\" value=\"Send\" class=\"button\"  data-sending-label=\"Sending\"\/><\/p><\/fieldset><\/form><div id=\"ajaxresponse_1\" class=\"ajaxresponse ajaxresponse_1 hidden\"><\/div><br \/>\n<section  class='av_textblock_section av-m6xunbsu-c77de54a991bc5fd5c7fb96f0cf9139c '   itemscope=\"itemscope\" itemtype=\"https:\/\/schema.org\/CreativeWork\" ><div class='avia_textblock'  itemprop=\"text\" ><p>imagis Filmproduktion GmbH &amp; Co. KG does not accept any unsolicited submissions (scripts, treatments, ideas, concepts, etc.). Any such materials will neither be reviewed, processed, nor returned.<\/p>\n<p>By submitting unsolicited material despite this policy, you acknowledge that you have read, understood, and accepted these submission guidelines. You expressly agree that your submission does not create any obligations on the part of imagis Filmproduktion GmbH &amp; Co. KG, its employees, shareholders, executives, or partners towards you. Unsolicited materials \u2014 regardless of the medium through which they are submitted\u2014will be discarded without response.<\/p>\n<p>We explicitly point out that imagis Filmproduktion GmbH &amp; Co. KG constantly works on a variety of film and television projects. Therefore, any similarities between our projects and unsolicited submissions are purely coincidental. No liability or compensation claims can be derived from such cases.<\/p>\n<p>Thank you for your understanding!<\/p>\n<\/div><\/section><br \/>\n\n<style type=\"text\/css\" data-created_by=\"avia_inline_auto\" id=\"style-css-av-m6xunl56-c96f077007f5fbca92bf792a0326c30e\">\n#top .av-special-heading.av-m6xunl56-c96f077007f5fbca92bf792a0326c30e{\npadding-bottom:10px;\n}\nbody .av-special-heading.av-m6xunl56-c96f077007f5fbca92bf792a0326c30e .av-special-heading-tag .heading-char{\nfont-size:25px;\n}\n.av-special-heading.av-m6xunl56-c96f077007f5fbca92bf792a0326c30e .av-subheading{\nfont-size:15px;\n}\n<\/style>\n<div  class='av-special-heading av-m6xunl56-c96f077007f5fbca92bf792a0326c30e av-special-heading-h2  avia-builder-el-7  el_after_av_textblock  el_before_av_textblock '><h2 class='av-special-heading-tag '  itemprop=\"headline\"  >Applications<\/h2><div class=\"special-heading-border\"><div class=\"special-heading-inner-border\"><\/div><\/div><\/div><br \/>\n<section  class='av_textblock_section av-m6xunzhc-18adf81147ed8dd8861ddcdeb61020fa '   itemscope=\"itemscope\" itemtype=\"https:\/\/schema.org\/CreativeWork\" ><div class='avia_textblock'  itemprop=\"text\" ><p>At this time, imagis Filmproduktion GmbH &amp; Co. KG does not have any job openings.<br \/>\nHowever, students looking for an internship opportunity may submit their application in German or English via email.<\/p>\n<\/div><\/section><\/p><\/div>\n","protected":false},"excerpt":{"rendered":"","protected":false},"author":1,"featured_media":0,"parent":0,"menu_order":0,"comment_status":"closed","ping_status":"closed","template":"","meta":{"_acf_changed":false,"footnotes":""},"class_list":["post-3551","page","type-page","status-publish","hentry"],"acf":[],"_links":{"self":[{"href":"https:\/\/imagis-fiction.de\/en\/wp-json\/wp\/v2\/pages\/3551","targetHints":{"allow":["GET"]}}],"collection":[{"href":"https:\/\/imagis-fiction.de\/en\/wp-json\/wp\/v2\/pages"}],"about":[{"href":"https:\/\/imagis-fiction.de\/en\/wp-json\/wp\/v2\/types\/page"}],"author":[{"embeddable":true,"href":"https:\/\/imagis-fiction.de\/en\/wp-json\/wp\/v2\/users\/1"}],"replies":[{"embeddable":true,"href":"https:\/\/imagis-fiction.de\/en\/wp-json\/wp\/v2\/comments?post=3551"}],"version-history":[{"count":8,"href":"https:\/\/imagis-fiction.de\/en\/wp-json\/wp\/v2\/pages\/3551\/revisions"}],"predecessor-version":[{"id":6901,"href":"https:\/\/imagis-fiction.de\/en\/wp-json\/wp\/v2\/pages\/3551\/revisions\/6901"}],"wp:attachment":[{"href":"https:\/\/imagis-fiction.de\/en\/wp-json\/wp\/v2\/media?parent=3551"}],"curies":[{"name":"wp","href":"https:\/\/api.w.org\/{rel}","templated":true}]}}